{"id":3,"date":"2025-03-25T12:46:55","date_gmt":"2025-03-25T11:46:55","guid":{"rendered":"http:\/\/hosting2502374.online.pro\/autoinstalator\/wordpress1\/?page_id=3"},"modified":"2025-04-03T09:55:50","modified_gmt":"2025-04-03T07:55:50","slug":"polityka-prywatnosci","status":"publish","type":"page","link":"https:\/\/miodmalina.com\/index.php\/polityka-prywatnosci\/","title":{"rendered":"Polityka prywatno\u015bci"},"content":{"rendered":"\n<p>Od 25 maja 2018 roku obowi\u0105zuje Rozporz\u0105dzenie Parlamentu Europejskiego i Rady (UE) 2016\/679 z dnia 27 kwietnia 2016 r. w sprawie ochrony os\u00f3b fizycznych w zwi\u0105zku z przetwarzaniem danych osobowych i w sprawie swobodnego przep\u0142ywu takich danych oraz uchylenia dyrektywy 95\/46\/WE (okre\u015blane jako \u201eRODO\u201d).<\/p>\n\n\n\n<p>W zwi\u0105zku z tym chcieliby\u015bmy poinformowa\u0107 o przetwarzaniu Twoich danych oraz zasadach, na jakich odbywa si\u0119 to po dniu 25 maja 2018 roku.<\/p>\n\n\n\n<p>Je\u015bli akceptujesz zasady poni\u017cszej polityki prywatno\u015bci kliknij przycisk \u201ePrzejd\u017a do strony\u201d lub w ikonk\u0119 \u201ex\u201d znajduj\u0105c\u0105 si\u0119 w prawym g\u00f3rnym rogu.<\/p>\n\n\n\n<h3 class=\"wp-block-heading\">Polityka prywatno\u015bci<\/h3>\n\n\n\n<p>Polityka Prywatno\u015bci okre\u015bla zasady przetwarzania i ochrony danych osobowych, przekazywanych przez U\u017cytkownik\u00f3w serwisu internetowego www.miodmalinastudio.pl zwanego dalej Serwisem.<\/p>\n\n\n\n<p>Administratorem danych osobowych, zawartych w Serwisie, jest firma MI\u00d3D MALINA &#8211; \u0141UKASZ KOZYRA z siedzib\u0105 przy ul. Spokojna 7\/3, 01-044 Warszawa, NIP 1132372704, zwanym dalej Administratorem.<\/p>\n\n\n\n<p>Serwis internetowy pozyskuje informacje o U\u017cytkownikach wprowadzone w formularzach na podstawie zgody wyra\u017conej przez nich samych .<\/p>\n\n\n\n<p>Przekazane dane przetwarzane s\u0105 w celu:<\/p>\n\n\n\n<p>\u2013 Nawi\u0105zania, ukszta\u0142towania tre\u015bci, zmiana, wykonanie lub rozwi\u0105zanie stosunku umownego mi\u0119dzy Us\u0142ugodawc\u0105 (Sprzedawc\u0105) i Us\u0142ugobiorc\u0105 (Klientem) polegaj\u0105cego na \u015bwiadczeniu Us\u0142ug Elektronicznych poprzez Stron\u0119 Internetow\u0105 lub zawarciu i wykonaniu Umowy Sprzeda\u017cy Produkt\u00f3w oraz ich dostarczenia do Klienta.<\/p>\n\n\n\n<p>\u2013 Marketingu bezpo\u015bredniego w\u0142asnych produkt\u00f3w lub us\u0142ug Administratora<\/p>\n\n\n\n<p>\u2013 W przypadku Klienta, kt\u00f3ry korzysta na Stronie Internetowej ze sposobu dostawy przesy\u0142k\u0105 pocztow\u0105 lub przesy\u0142ka kuriersk\u0105 Administrator udost\u0119pnia zebrane dane osobowe Klienta, w zakresie i nie d\u0142u\u017cej ni\u017c jest to niezb\u0119dne dla dokonania dostawy, wybranemu przewo\u017anikowi realizuj\u0105cemu przesy\u0142ki na zlecenie Administratora.<\/p>\n\n\n\n<p>\u2013 Administrator przetwarza nast\u0119puj\u0105ce dane osobowe Us\u0142ugobiorc\u00f3w (Klient\u00f3w): imi\u0119 i nazwisko; adres poczty elektronicznej; numer telefonu kontaktowego; adres (ulica, numer domu, numer lokalu, kod pocztowy, miejscowo\u015b\u0107, kraj) oraz adres do dokumentu sprzeda\u017cy. W wypadku Klient\u00f3w b\u0119d\u0105cych jednocze\u015bnie przedsi\u0119biorcami Administrator przetwarza dodatkowo nazw\u0119 firmy oraz NIP.<\/p>\n\n\n\n<p>\u2013 Podanie danych osobowych, o kt\u00f3rych mowa wy\u017cej jest niezb\u0119dne do \u015bwiadczenia przez Us\u0142ugodawc\u0119 Us\u0142ug Elektronicznych lub zawarcia Umowy. Ka\u017cdorazowo zakres wymaganych danych wskazany jest przed rozpocz\u0119ciem \u015bwiadczenia okre\u015blonej Us\u0142ugi Elektronicznej lub zawarciem Umowy.<\/p>\n\n\n\n<p>U\u017cytkownik, kt\u00f3ry umie\u015bci\u0142 dane w formularzu ma prawo do:<\/p>\n\n\n\n<p>\u2013 wgl\u0105du, modyfikacji, usuwania danych osobowych,<\/p>\n\n\n\n<p>\u2013 ograniczenia przetwarzania oraz \u017c\u0105dania zaprzestania przetwarzania swoich danych w dowolnym momencie,<\/p>\n\n\n\n<p>\u2013 cofni\u0119cia zgody w dowolnym momencie \u2013 cofni\u0119cie zgody nie wp\u0142ywa na legalno\u015b\u0107 przetwarzania dokonanego przed jej cofni\u0119ciem,<\/p>\n\n\n\n<p>\u2013 przenoszenia danych do innego Administratora danych osobowych<\/p>\n\n\n\n<p>\u2013 z\u0142o\u017cenia skargi do organu nadzorczego.<\/p>\n\n\n\n<p>Dane osobowe podane przez U\u017cytkownika w formularzu b\u0119d\u0105 przetwarzane przez okres nie d\u0142u\u017cszy ni\u017c jest to niezb\u0119dne do cel\u00f3w, w kt\u00f3rych zosta\u0142y podane oraz do czasu istnienia obowi\u0105zk\u00f3w prawnych, ksi\u0119gowych i podatkowych Administratora, a tak\u017ce do czasu przedawnienia ewentualnych roszcze\u0144. Je\u017celi zosta\u0142a wyra\u017cona zgoda na przetwarzanie danych osobowych \u2013 do czasu cofni\u0119cia zgody.<\/p>\n\n\n\n<p>Administrator dope\u0142nia nale\u017cytej staranno\u015bci w celu odpowiedniego zabezpieczenia przekazanych danych osobowych, a w szczeg\u00f3lno\u015bci przed ich udost\u0119pnieniem osobom nieupowa\u017cnionym:<\/p>\n\n\n\n<p>\u2013 Dane osobowe przesy\u0142ane s\u0105 przez bezpieczny protok\u00f3\u0142 SSL,<\/p>\n\n\n\n<p>\u2013 Dane osobowe przechowywane na serwerach Administratora s\u0105 szyfrowane, ochron\u0119 przed fizycznym dost\u0119pem do serwer\u00f3w, na kt\u00f3rych przechowywane s\u0105 dane osobowe zapewnia dostawca serwera.<\/p>\n\n\n\n<p>\u2013 Administrator stosuje \u015brodki techniczne i organizacyjne zapewniaj\u0105ce ochron\u0119 przetwarzanych danych osobowych odpowiedni\u0105 do zagro\u017ce\u0144 oraz kategorii danych obj\u0119tych ochron\u0105, a w szczeg\u00f3lno\u015bci zabezpiecza dane przed ich udost\u0119pnieniem osobom nieupowa\u017cnionym, zabraniem przez osob\u0119 nieuprawnion\u0105, przetwarzaniem z naruszeniem obowi\u0105zuj\u0105cych przepis\u00f3w oraz zmian\u0105, utrat\u0105, uszkodzeniem lub zniszczeniem.<\/p>\n\n\n\n<p>\u2013 Podane dane osobowe mog\u0105 by\u0107 udost\u0119pniane tylko podmiotom, kt\u00f3re posiadaj\u0105 podstaw\u0119 prawn\u0105 wynikaj\u0105c\u0105 z przepis\u00f3w polskiego prawa.<\/p>\n\n\n\n<p>Podmioty gromadz\u0105ce i przetwarzaj\u0105ce dane osobowe w Serwisie internetowym pochodz\u0105 w g\u0142\u00f3wnej mierze z Polski i kraj\u00f3w Europejskiego Obszaru Gospodarczego (EOG). Niekt\u00f3rzy z dostawc\u00f3w maj\u0105 swoj\u0105 siedzib\u0119 poza EOG (np Google Inc. posiada siedzib\u0119 w USA i dostarcza us\u0142ug\u0119 statystyk serwisu internetowego o nazwie Google Analytics). Podmioty te s\u0105 zobowi\u0105zane do przestrzegania zasad okre\u015blonych w ramach programu Tarcza Prywatno\u015bci UE-USA, dotycz\u0105cych gromadzenia, wykorzystywania i przechowywania danych osobowych obywateli Unii Europejskiej (decyzja wykonawcza Komisji (UE) 2016\/1250 z dnia 12 lipca 2016 r. w sprawie adekwatno\u015bci ochrony zapewnianej przez Tarcz\u0119 Prywatno\u015bci UE-USA) oraz klauzul umownych przyj\u0119tych przez Komisj\u0119 UE.<\/p>\n\n\n\n<h3 class=\"wp-block-heading\">Podstawy prawne zwi\u0105zane z przetwarzaniem danych osobowych:<\/h3>\n\n\n\n<p>\u2013 Ustawa z dnia 18 lipca 2002 r. o \u015bwiadczeniu us\u0142ug drog\u0105 elektroniczn\u0105 (u\u015bude);<\/p>\n\n\n\n<p>\u2013 Ustawa z dnia 16 lipca 2004 r Prawo Telekomunikacyjne (PrTel);<\/p>\n\n\n\n<p>\u2013 Rozporz\u0105dzenie Parlamentu Europejskiego i Rady (UE) 2016\/679 z dnia 27 kwietnia 2016 r. w sprawie ochrony os\u00f3b fizycznych w zwi\u0105zku z przetwarzaniem danych osobowych i w sprawie swobodnego przep\u0142ywu takich danych oraz uchylenia dyrektywy 95\/46\/WE; (RODO);<\/p>\n\n\n\n<h3 class=\"wp-block-heading\">Kontakt<\/h3>\n\n\n\n<p>Pytania dotycz\u0105ce polityki prywatno\u015bci nale\u017cy kierowa\u0107 na adres: miodmalinastudio@gmail.com<\/p>\n","protected":false},"excerpt":{"rendered":"<p>Od 25 maja 2018 roku obowi\u0105zuje Rozporz\u0105dzenie Parlamentu Europejskiego i Rady (UE) 2016\/679 z dnia 27 kwietnia 2016 r. w sprawie ochrony os\u00f3b fizycznych w zwi\u0105zku z przetwarzaniem danych osobowych i w sprawie swobodnego przep\u0142ywu takich danych oraz uchylenia dyrektywy 95\/46\/WE (okre\u015blane jako \u201eRODO\u201d). W zwi\u0105zku z tym chcieliby\u015bmy poinformowa\u0107 o przetwarzaniu Twoich danych oraz&#8230;<\/p>\n","protected":false},"author":1,"featured_media":0,"parent":0,"menu_order":0,"comment_status":"closed","ping_status":"closed","template":"","meta":{"_kadence_starter_templates_imported_post":false,"_kad_post_transparent":"","_kad_post_title":"","_kad_post_layout":"","_kad_post_sidebar_id":"","_kad_post_content_style":"","_kad_post_vertical_padding":"","_kad_post_feature":"","_kad_post_feature_position":"","_kad_post_header":false,"_kad_post_footer":false,"footnotes":""},"class_list":["post-3","page","type-page","status-publish","hentry"],"_links":{"self":[{"href":"https:\/\/miodmalina.com\/index.php\/wp-json\/wp\/v2\/pages\/3","targetHints":{"allow":["GET"]}}],"collection":[{"href":"https:\/\/miodmalina.com\/index.php\/wp-json\/wp\/v2\/pages"}],"about":[{"href":"https:\/\/miodmalina.com\/index.php\/wp-json\/wp\/v2\/types\/page"}],"author":[{"embeddable":true,"href":"https:\/\/miodmalina.com\/index.php\/wp-json\/wp\/v2\/users\/1"}],"replies":[{"embeddable":true,"href":"https:\/\/miodmalina.com\/index.php\/wp-json\/wp\/v2\/comments?post=3"}],"version-history":[{"count":2,"href":"https:\/\/miodmalina.com\/index.php\/wp-json\/wp\/v2\/pages\/3\/revisions"}],"predecessor-version":[{"id":1321,"href":"https:\/\/miodmalina.com\/index.php\/wp-json\/wp\/v2\/pages\/3\/revisions\/1321"}],"wp:attachment":[{"href":"https:\/\/miodmalina.com\/index.php\/wp-json\/wp\/v2\/media?parent=3"}],"curies":[{"name":"wp","href":"https:\/\/api.w.org\/{rel}","templated":true}]}}